{"id":2641,"date":"2017-10-22T21:00:38","date_gmt":"2017-10-22T19:00:38","guid":{"rendered":"https:\/\/rafmix.eu\/?page_id=2641"},"modified":"2020-03-28T16:06:49","modified_gmt":"2020-03-28T15:06:49","slug":"about","status":"publish","type":"page","link":"https:\/\/rafmix.eu\/index.php\/about\/","title":{"rendered":"O nas"},"content":{"rendered":"<!--themify_builder_content-->\n<div id=\"themify_builder_content-2641\" data-postid=\"2641\" class=\"themify_builder_content themify_builder_content-2641 themify_builder tf_clear\">\n                    <div  data-lazy=\"1\" class=\"module_row themify_builder_row full-height tb_vv6r033 tb_first tf_w\">\n                        <div class=\"row_inner col_align_top tb_col_count_1 tf_box tf_rel\">\n                        <div  data-lazy=\"1\" class=\"module_column tb-column col-full tb_nk7h902 first\">\n                            <\/div>\n                        <\/div>\n        <\/div>\n                        <div  data-lazy=\"1\" class=\"module_row themify_builder_row tb_vs0x000 tf_w\">\n                        <div class=\"row_inner col_align_top tb_col_count_1 tf_box tf_rel\">\n                        <div  data-lazy=\"1\" class=\"module_column tb-column col-full tb_yllx003 first\">\n                    <!-- module text -->\n<div  class=\"module module-text tb_hl2r000   \" data-lazy=\"1\">\n        <div  class=\"tb_text_wrap\">\n        <p><span style=\"font-size: large;\">Jeste\u015bmy na rynku od 2007 roku.<\/span><\/p><p align=\"justify\"><span style=\"font-size: large;\">Zajmujemy si\u0119 produkcj\u0105 i dystrybucj\u0105 odzie\u017cy sk\u00f3rzanej ochronnej dla przemys\u0142u, budownictwa oraz innych ga\u0142\u0119zi gospodarki.<\/span><\/p><p align=\"justify\"><span style=\"font-size: large;\">Nasze produkty gwarantuj\u0105 wysok\u0105 jako\u015b\u0107 w po\u0142\u0105czeniu z atrakcyjn\u0105 cen\u0105.<\/span><\/p><p align=\"justify\"><span style=\"font-size: large;\">Ponadto spe\u0142niaj\u0105 europejskie normy zgodnie z certyfikatem CE kat. I oraz PN-EN 340:2006.<\/span><\/p><p align=\"justify\"><span style=\"font-size: large;\">Do produkcji wykorzystujemy najwy\u017cszej jako\u015bci polskie i w\u0142oskie sk\u00f3ry bydl\u0119ce. Dzi\u0119ki temu zapewniamy Pa\u0144stwu profesjonaln\u0105 ochron\u0119 podczas pracy, a tak\u017ce trwa\u0142o\u015b\u0107 zakupionych u nas produkt\u00f3w.<\/span><\/p><p align=\"justify\"><span style=\"font-size: large;\">Swoim sta\u0142ym i nowym klientom oferujemy atrakcyjne ceny, kr\u00f3tkie terminy realizacji zam\u00f3wie\u0144 oraz transport.<\/span><\/p><p align=\"justify\"><span style=\"font-size: large;\">Zapewniamy, \u017ce z naszej strony dok\u0142adamy wszelkich stara\u0144, aby wsp\u00f3\u0142praca z Pa\u0144stwem uk\u0142ada\u0142a si\u0119 satysfakcjonuj\u0105co dla ka\u017cdej ze stron.<\/span><\/p><p align=\"justify\"><span style=\"font-size: large;\">Zapraszamy do wsp\u00f3lnego tworzenia relacji handlowych z nasz\u0105 firm\u0105 !<\/span><\/p>    <\/div>\n<\/div>\n<!-- \/module text --><!-- module menu -->\n<div  class=\"module module-menu tb_l39h115  mobile-menu-slide wow\" data-menu-style=\"mobile-menu-slide\" data-menu-breakpoint=\"0\" data-element-id=\"tb_l39h115\" data-tf-animation=\"fadeInUp\" data-lazy=\"1\">\n        \n    <div class=\"module-menu-container\"><ul id=\"menu-oferta\" class=\"ui tf_clearfix nav tf_rel tf_scrollbar fullwidth transparent\"><li id=\"menu-item-2473\" class=\"menu-item-custom-2473 menu-item menu-item-type-custom menu-item-object-custom menu-item-home menu-item-2473\"><a href=\"https:\/\/rafmix.eu\/#Fartuchy\" aria-current=\"page\">Fartuchy<\/a><\/li>\n<li id=\"menu-item-2475\" class=\"menu-item-custom-2475 menu-item menu-item-type-custom menu-item-object-custom menu-item-home menu-item-2475\"><a href=\"https:\/\/rafmix.eu\/#Zapaski\" aria-current=\"page\">Zapaski<\/a><\/li>\n<li id=\"menu-item-2476\" class=\"menu-item-custom-2476 menu-item menu-item-type-custom menu-item-object-custom menu-item-home menu-item-2476\"><a href=\"https:\/\/rafmix.eu\/#Rekawy\" aria-current=\"page\">R\u0119kawy<\/a><\/li>\n<li id=\"menu-item-2478\" class=\"menu-item-custom-2478 menu-item menu-item-type-custom menu-item-object-custom menu-item-home menu-item-2478\"><a href=\"https:\/\/rafmix.eu\/#Nagolenniki\" aria-current=\"page\">Nagolenniki<\/a><\/li>\n<li id=\"menu-item-2479\" class=\"menu-item-custom-2479 menu-item menu-item-type-custom menu-item-object-custom menu-item-home menu-item-2479\"><a href=\"https:\/\/rafmix.eu\/#Nastopniki\" aria-current=\"page\">Nastopniki<\/a><\/li>\n<li id=\"menu-item-2480\" class=\"menu-item-custom-2480 menu-item menu-item-type-custom menu-item-object-custom menu-item-home menu-item-2480\"><a href=\"https:\/\/rafmix.eu\/#Nakolanniki\" aria-current=\"page\">Nakolanniki<\/a><\/li>\n<li id=\"menu-item-2481\" class=\"menu-item-custom-2481 menu-item menu-item-type-custom menu-item-object-custom menu-item-home menu-item-2481\"><a href=\"https:\/\/rafmix.eu\/#Nabrzuszniki\" aria-current=\"page\">Nabrzuszniki<\/a><\/li>\n<li id=\"menu-item-2477\" class=\"menu-item-custom-2477 menu-item menu-item-type-custom menu-item-object-custom menu-item-home menu-item-2477\"><a href=\"https:\/\/rafmix.eu\/#Napulsniki\" aria-current=\"page\">Napul\u015bniki<\/a><\/li>\n<li id=\"menu-item-2482\" class=\"menu-item-custom-2482 menu-item menu-item-type-custom menu-item-object-custom menu-item-home menu-item-2482\"><a href=\"https:\/\/rafmix.eu\/#Torby\" aria-current=\"page\">Torby narz\u0119dziowe<\/a><\/li>\n<\/ul><\/div>        <style>\n            .mobile-menu-module[data-module=\"tb_l39h115\"]{\n                right:-300px            }\n        <\/style>\n    <\/div>\n<!-- \/module menu -->\n        <\/div>\n                        <\/div>\n        <\/div>\n                        <div  data-parallax-bg=\"desktop\" data-lazy=\"1\" class=\"module_row themify_builder_row tb_9t3v395 tf_w\">\n                        <div class=\"row_inner col_align_top tb_col_count_1 tf_box tf_rel\">\n                        <div  data-lazy=\"1\" class=\"module_column tb-column col-full tb_zn4y090 first\">\n                            <\/div>\n                        <\/div>\n        <\/div>\n        <\/div>\n<!--\/themify_builder_content-->","protected":false},"excerpt":{"rendered":"<p>Strona u\u017cywa plik\u00f3w zwanych cookies, kt\u00f3re s\u0105 zapisywane przez serwer na komputerze osoby odwiedzaj\u0105cej. Zgodnie z obowi\u0105zuj\u0105cymi przepisami ustawy z dnia 16 lipca 2004 r. Prawo telekomunikacyjne (Dz. U. nr 171, poz. 1800 z p\u00f3\u017an. zm.) u\u017cytkownik ma prawo zadecydowania w zakresie dost\u0119pu plik\u00f3w cookies do swojego komputera poprzez ich uprzedni wyb\u00f3r w oknie swojej [&hellip;]<\/p>\n","protected":false},"author":1,"featured_media":0,"parent":0,"menu_order":0,"comment_status":"closed","ping_status":"closed","template":"","meta":{"footnotes":""},"class_list":["post-2641","page","type-page","status-publish","hentry","has-post-title","has-post-date","has-post-category","has-post-tag","has-post-comment","has-post-author",""],"_links":{"self":[{"href":"https:\/\/rafmix.eu\/index.php\/wp-json\/wp\/v2\/pages\/2641","targetHints":{"allow":["GET"]}}],"collection":[{"href":"https:\/\/rafmix.eu\/index.php\/wp-json\/wp\/v2\/pages"}],"about":[{"href":"https:\/\/rafmix.eu\/index.php\/wp-json\/wp\/v2\/types\/page"}],"author":[{"embeddable":true,"href":"https:\/\/rafmix.eu\/index.php\/wp-json\/wp\/v2\/users\/1"}],"replies":[{"embeddable":true,"href":"https:\/\/rafmix.eu\/index.php\/wp-json\/wp\/v2\/comments?post=2641"}],"version-history":[{"count":13,"href":"https:\/\/rafmix.eu\/index.php\/wp-json\/wp\/v2\/pages\/2641\/revisions"}],"predecessor-version":[{"id":2982,"href":"https:\/\/rafmix.eu\/index.php\/wp-json\/wp\/v2\/pages\/2641\/revisions\/2982"}],"wp:attachment":[{"href":"https:\/\/rafmix.eu\/index.php\/wp-json\/wp\/v2\/media?parent=2641"}],"curies":[{"name":"wp","href":"https:\/\/api.w.org\/{rel}","templated":true}]}}