{"id":154,"date":"2016-02-23T19:02:38","date_gmt":"2016-02-23T19:02:38","guid":{"rendered":"https:\/\/themify.me\/demo\/themes\/simple\/?page_id=154"},"modified":"2024-02-25T18:29:25","modified_gmt":"2024-02-25T17:29:25","slug":"kontakt","status":"publish","type":"page","link":"https:\/\/rafmix.eu\/index.php\/kontakt\/","title":{"rendered":"Kontakt"},"content":{"rendered":"<!--themify_builder_content-->\n<div id=\"themify_builder_content-154\" data-postid=\"154\" class=\"themify_builder_content themify_builder_content-154 themify_builder tf_clear\">\n                    <div  data-lazy=\"1\" class=\"module_row themify_builder_row full-height tb_ejuc860 tb_first tf_w\">\n                        <div class=\"row_inner col_align_top tb_col_count_1 tf_box tf_rel\">\n                        <div  data-lazy=\"1\" class=\"module_column tb-column col-full tb_ccrk862 first\">\n                            <\/div>\n                        <\/div>\n        <\/div>\n                        <div  data-lazy=\"1\" class=\"module_row themify_builder_row tb_y2vq860 tf_w\">\n                        <div class=\"row_inner col_align_top tb_col_count_2 tf_box tf_rel\">\n                        <div  data-lazy=\"1\" class=\"module_column tb-column col4-2 tb_4e9u863 first\">\n                    <!-- module text -->\n<div  class=\"module module-text tb_75xk865   \" data-lazy=\"1\">\n        <div  class=\"tb_text_wrap\">\n        <div style=\"text-align: left;\">PPHU RAFMIX\u00a0<\/div>\n<div style=\"text-align: left;\">Jacek Rafa\u0142ko<\/div>\n<div style=\"text-align: left;\">ul. Westerplatte 55A<\/div>\n<div style=\"text-align: left;\">58-100 \u015awidnica<\/div>\n<div style=\"text-align: left;\">NIP\u00a0 884-121-49-10<\/div>\n<div style=\"text-align: left;\">TEL <a href=\"tel:+48%20664%20974%20281\" target=\"_blank\" rel=\"noopener\">+ 48 664 974 281<\/a><\/div>\n<div style=\"text-align: left;\"><u><a href=\"mailto:biuro.rafmix@o2.pl\" target=\"_blank\" rel=\"noopener\" data-saferedirecturl=\"https:\/\/www.google.com\/url?hl=pl&amp;q=https:\/\/nowy.tlen.pl\/d\/%23&amp;source=gmail&amp;ust=1508785529852000&amp;usg=AFQjCNHQsu_JO8a-qY8azXVO8d2_5L6vuw\"><span class=\"il\">biuro.rafmix@o2.pl<\/span><\/a><\/u><\/div>    <\/div>\n<\/div>\n<!-- \/module text -->        <\/div>\n                    <div  data-lazy=\"1\" class=\"module_column tb-column col4-2 tb_u8fo865 last\">\n                    <!-- module map -->\n<div  class=\"module module-map tb_2j1o866  wow\" data-tf-animation=\"fadeInDown\">\n                                    <link rel=\"preconnect\" href=\"https:\/\/maps.googleapis.com\" crossorigin\/>\n                <div data-lazy=\"1\"             data-map-provider=\"google\"\n            data-address=\"Rafmix, Jacek Rafa\u0142ko \u0141\u0105czna 4, 58-100 \u015awidnica\"\n            data-zoom=\"10\"\n            data-type=\"ROADMAP\"\n            data-scroll=\"\"\n            data-drag=\"1\"\n            data-mdrag=\"1\"\n            data-control=\"1\"\n            class=\"tf_lazy themify_map\"\n            style=\"width:100%;height:300px;\"\n            data-info-window=\"&lt;b&gt;Address&lt;\/b&gt;&lt;br\/&gt;&lt;p&gt;Rafmix, Jacek Rafa\u0142ko \u0141\u0105czna 4, 58-100 \u015awidnica&lt;\/p&gt;\"\n            data-reverse-geocoding=\"\">\n        <\/div>\n    <\/div>\n<!-- \/module map -->\n        <\/div>\n                        <\/div>\n        <\/div>\n                        <div  data-parallax-bg=\"desktop\" data-lazy=\"1\" class=\"module_row themify_builder_row tb_3vye860 tf_w\">\n                        <div class=\"row_inner col_align_top tb_col_count_1 tf_box tf_rel\">\n                        <div  data-lazy=\"1\" class=\"module_column tb-column col-full tb_bbch866 first\">\n                            <\/div>\n                        <\/div>\n        <\/div>\n        <\/div>\n<!--\/themify_builder_content-->","protected":false},"excerpt":{"rendered":"<p>PPHU RAFMIX\u00a0 Jacek Rafa\u0142ko ul. Westerplatte 55A 58-100 \u015awidnica NIP\u00a0 884-121-49-10 TEL + 48 664 974 281 biuro.rafmix@o2.pl<\/p>\n","protected":false},"author":1,"featured_media":0,"parent":0,"menu_order":0,"comment_status":"closed","ping_status":"closed","template":"","meta":{"footnotes":""},"class_list":["post-154","page","type-page","status-publish","hentry","has-post-title","has-post-date","has-post-category","has-post-tag","has-post-comment","has-post-author",""],"_links":{"self":[{"href":"https:\/\/rafmix.eu\/index.php\/wp-json\/wp\/v2\/pages\/154","targetHints":{"allow":["GET"]}}],"collection":[{"href":"https:\/\/rafmix.eu\/index.php\/wp-json\/wp\/v2\/pages"}],"about":[{"href":"https:\/\/rafmix.eu\/index.php\/wp-json\/wp\/v2\/types\/page"}],"author":[{"embeddable":true,"href":"https:\/\/rafmix.eu\/index.php\/wp-json\/wp\/v2\/users\/1"}],"replies":[{"embeddable":true,"href":"https:\/\/rafmix.eu\/index.php\/wp-json\/wp\/v2\/comments?post=154"}],"version-history":[{"count":11,"href":"https:\/\/rafmix.eu\/index.php\/wp-json\/wp\/v2\/pages\/154\/revisions"}],"predecessor-version":[{"id":3326,"href":"https:\/\/rafmix.eu\/index.php\/wp-json\/wp\/v2\/pages\/154\/revisions\/3326"}],"wp:attachment":[{"href":"https:\/\/rafmix.eu\/index.php\/wp-json\/wp\/v2\/media?parent=154"}],"curies":[{"name":"wp","href":"https:\/\/api.w.org\/{rel}","templated":true}]}}